{"id":800,"date":"2016-05-21T17:57:51","date_gmt":"2016-05-21T15:57:51","guid":{"rendered":"https:\/\/ev-allianz-braunschweig\/?page_id=800"},"modified":"2016-05-22T15:52:14","modified_gmt":"2016-05-22T13:52:14","slug":"festival-der-hoffnung-shop","status":"publish","type":"page","link":"https:\/\/ev-allianz-braunschweig.de\/?page_id=800","title":{"rendered":"Shop"},"content":{"rendered":"<p><strong>In unserem Shop bei Spreadshirt k\u00f6nnt ihr euch verschiedene Shirts in gew\u00fcnschter Gr\u00f6\u00dfe und Farbe, sowie andere sch\u00f6ne Artikel f\u00fcr das Festival der Hoffnung\u00a0bestellen.<\/strong><\/p>\n<p><strong>Die Preise sind direkt von Spreadshirt \u00fcbernommen und mit dem Shop abzurechnen.<\/strong><\/p>\n<p><strong>Ihr k\u00f6nnt auch auf die Internetseite\u00a0<span style=\"color: #993366;\"><a style=\"color: #993366;\" href=\"https:\/\/shop.spreadshirt.de\/festival-der-hoffnung\/\" target=\"_blank\">https:\/\/shop.spreadshirt.de\/festival-der-hoffnung\/<\/a><\/span> gehen.<br \/>\nDas ist\u00a0besonders\u00a0f\u00fcr Tablets und Smartphones noch etwas komfortabler. Viel Spa\u00df!<\/strong><\/p>\n<div data-borlabs-cookie-iframe-source=\"shop.spreadshirt.de\"><p>Click on the button below to load the content of shop.spreadshirt.de.<br><a role=\"button\" data-borlabs-cache-load-iframe>Load content<\/a><\/p><div data-borlabs-cookie-inline=\"iframe\" data-borlabs-cookie-id=\"bcPJgfgRJS\">PHA+PGlmcmFtZSBsb2FkaW5nPSJsYXp5IiBzdHlsZT0iYm9yZGVyLXdpZHRoOiAwOyIgc3JjPSJodHRwczovL3Nob3Auc3ByZWFkc2hpcnQuZGUvZmVzdGl2YWwtZGVyLWhvZmZudW5nLyIgd2lkdGg9Ijk1MCIgaGVpZ2h0PSI5NTAwIiBmcmFtZWJvcmRlcj0iMCIgc2Nyb2xsaW5nPSJ5ZXMiPjwvaWZyYW1lPjwvcD4=<\/div><\/div>\n","protected":false},"excerpt":{"rendered":"<p>In unserem Shop bei Spreadshirt k\u00f6nnt ihr euch verschiedene Shirts in gew\u00fcnschter Gr\u00f6\u00dfe und Farbe, sowie andere sch\u00f6ne Artikel f\u00fcr das Festival der Hoffnung\u00a0bestellen. Die Preise sind direkt von Spreadshirt \u00fcbernommen und mit dem Shop abzurechnen. Ihr k\u00f6nnt auch auf die Internetseite\u00a0https:\/\/shop.spreadshirt.de\/festival-der-hoffnung\/ gehen. Das ist\u00a0besonders\u00a0f\u00fcr Tablets und Smartphones noch etwas komfortabler. Viel Spa\u00df! Click on [&hellip;]<\/p>\n","protected":false},"author":3,"featured_media":0,"parent":0,"menu_order":0,"comment_status":"closed","ping_status":"closed","template":"","meta":{"ngg_post_thumbnail":0},"_links":{"self":[{"href":"https:\/\/ev-allianz-braunschweig.de\/index.php?rest_route=\/wp\/v2\/pages\/800"}],"collection":[{"href":"https:\/\/ev-allianz-braunschweig.de\/index.php?rest_route=\/wp\/v2\/pages"}],"about":[{"href":"https:\/\/ev-allianz-braunschweig.de\/index.php?rest_route=\/wp\/v2\/types\/page"}],"author":[{"embeddable":true,"href":"https:\/\/ev-allianz-braunschweig.de\/index.php?rest_route=\/wp\/v2\/users\/3"}],"replies":[{"embeddable":true,"href":"https:\/\/ev-allianz-braunschweig.de\/index.php?rest_route=%2Fwp%2Fv2%2Fcomments&post=800"}],"version-history":[{"count":13,"href":"https:\/\/ev-allianz-braunschweig.de\/index.php?rest_route=\/wp\/v2\/pages\/800\/revisions"}],"predecessor-version":[{"id":814,"href":"https:\/\/ev-allianz-braunschweig.de\/index.php?rest_route=\/wp\/v2\/pages\/800\/revisions\/814"}],"wp:attachment":[{"href":"https:\/\/ev-allianz-braunschweig.de\/index.php?rest_route=%2Fwp%2Fv2%2Fmedia&parent=800"}],"curies":[{"name":"wp","href":"https:\/\/api.w.org\/{rel}","templated":true}]}}