{"id":4885,"date":"2023-06-01T18:53:22","date_gmt":"2023-06-01T16:53:22","guid":{"rendered":"https:\/\/ev-allianz-braunschweig.de\/?page_id=4885"},"modified":"2023-06-01T19:12:45","modified_gmt":"2023-06-01T17:12:45","slug":"bs-bibel-kolleg","status":"publish","type":"page","link":"https:\/\/ev-allianz-braunschweig.de\/?page_id=4885","title":{"rendered":"BS Bibelkolleg"},"content":{"rendered":"<p><a href=\"https:\/\/ev-allianz-braunschweig.de\/wp-content\/uploads\/2023\/06\/BS-Bibelkolleg-Logo.jpg\"><img decoding=\"async\" loading=\"lazy\" class=\"size-full wp-image-4886 alignleft\" src=\"https:\/\/ev-allianz-braunschweig.de\/wp-content\/uploads\/2023\/06\/BS-Bibelkolleg-Logo.jpg\" alt=\"\" width=\"347\" height=\"59\" srcset=\"https:\/\/ev-allianz-braunschweig.de\/wp-content\/uploads\/2023\/06\/BS-Bibelkolleg-Logo.jpg 347w, https:\/\/ev-allianz-braunschweig.de\/wp-content\/uploads\/2023\/06\/BS-Bibelkolleg-Logo-300x51.jpg 300w\" sizes=\"(max-width: 347px) 100vw, 347px\" \/><\/a><\/p>\n<p><a href=\"https:\/\/ev-allianz-braunschweig.de\/wp-content\/uploads\/2023\/06\/Bs-Bibelkolleg-Foto.jpg\"><img decoding=\"async\" loading=\"lazy\" class=\"size-full wp-image-4887 aligncenter\" src=\"https:\/\/ev-allianz-braunschweig.de\/wp-content\/uploads\/2023\/06\/Bs-Bibelkolleg-Foto.jpg\" alt=\"\" width=\"1908\" height=\"482\" srcset=\"https:\/\/ev-allianz-braunschweig.de\/wp-content\/uploads\/2023\/06\/Bs-Bibelkolleg-Foto.jpg 1908w, https:\/\/ev-allianz-braunschweig.de\/wp-content\/uploads\/2023\/06\/Bs-Bibelkolleg-Foto-300x76.jpg 300w, https:\/\/ev-allianz-braunschweig.de\/wp-content\/uploads\/2023\/06\/Bs-Bibelkolleg-Foto-768x194.jpg 768w, https:\/\/ev-allianz-braunschweig.de\/wp-content\/uploads\/2023\/06\/Bs-Bibelkolleg-Foto-1024x259.jpg 1024w\" sizes=\"(max-width: 1908px) 100vw, 1908px\" \/><\/a><\/p>\n<p style=\"text-align: center;\"><a href=\"https:\/\/ev-allianz-braunschweig.de\/wp-content\/uploads\/2023\/06\/Bs-Bibelkolleb-\u00dcber-uns.jpg\"><img decoding=\"async\" loading=\"lazy\" class=\"size-full wp-image-4891 aligncenter\" src=\"https:\/\/ev-allianz-braunschweig.de\/wp-content\/uploads\/2023\/06\/Bs-Bibelkolleb-\u00dcber-uns.jpg\" alt=\"\" width=\"612\" height=\"358\" srcset=\"https:\/\/ev-allianz-braunschweig.de\/wp-content\/uploads\/2023\/06\/Bs-Bibelkolleb-\u00dcber-uns.jpg 612w, https:\/\/ev-allianz-braunschweig.de\/wp-content\/uploads\/2023\/06\/Bs-Bibelkolleb-\u00dcber-uns-300x175.jpg 300w\" sizes=\"(max-width: 612px) 100vw, 612px\" \/><\/a><\/p>\n<p style=\"text-align: left;\">Das Braunschweiger Bibelkolleg ist eine <strong>berufsbegleitende Gemeinde-Bibelschule<\/strong>. Es ist ein Arbeitszweig der Braunschweiger Friedenskirche. Durch dieses Angebot sollen Interessierte die Weite und Tiefe des Wortes Gottes besser verstehen und f\u00fcr ihren Alltag fruchtbar machen. Zur Zielgruppe geh\u00f6ren alle, die gerne etwas \u201e<strong>tiefer buddeln<\/strong>\u201c wollen. Dadurch soll die <strong>Sprachf\u00e4higkeit<\/strong> des einzelnen und <strong>der pers\u00f6nliche Glaube gest\u00e4rkt<\/strong> werden.<\/p>\n<p style=\"text-align: left;\">Das Braunschweiger Bibelkolleg ist modular aufgebaut und bietet Kurse mit verschiedenen zeitlichen Modellen an. Die Module k\u00f6nnen einzeln oder auch komplett gebucht werden. Das Curriculum enth\u00e4lt einige feste Kurse, bietet aber auch die Flexibilit\u00e4t, auf aktuelle Themen einzugehen.<\/p>\n<p><a href=\"https:\/\/ev-allianz-braunschweig.de\/wp-content\/uploads\/2023\/06\/BS-Bibelkolleg-Seminare.jpg\"><img decoding=\"async\" loading=\"lazy\" class=\"size-full wp-image-4892 aligncenter\" src=\"https:\/\/ev-allianz-braunschweig.de\/wp-content\/uploads\/2023\/06\/BS-Bibelkolleg-Seminare.jpg\" alt=\"\" width=\"653\" height=\"405\" srcset=\"https:\/\/ev-allianz-braunschweig.de\/wp-content\/uploads\/2023\/06\/BS-Bibelkolleg-Seminare.jpg 653w, https:\/\/ev-allianz-braunschweig.de\/wp-content\/uploads\/2023\/06\/BS-Bibelkolleg-Seminare-300x186.jpg 300w\" sizes=\"(max-width: 653px) 100vw, 653px\" \/><\/a><a href=\"https:\/\/ev-allianz-braunschweig.de\/wp-content\/uploads\/2023\/06\/Bs-Bibelkolleg-Kontakt.jpg\"><img decoding=\"async\" loading=\"lazy\" class=\"size-full wp-image-4893 aligncenter\" src=\"https:\/\/ev-allianz-braunschweig.de\/wp-content\/uploads\/2023\/06\/Bs-Bibelkolleg-Kontakt.jpg\" alt=\"\" width=\"646\" height=\"374\" srcset=\"https:\/\/ev-allianz-braunschweig.de\/wp-content\/uploads\/2023\/06\/Bs-Bibelkolleg-Kontakt.jpg 646w, https:\/\/ev-allianz-braunschweig.de\/wp-content\/uploads\/2023\/06\/Bs-Bibelkolleg-Kontakt-300x174.jpg 300w\" sizes=\"(max-width: 646px) 100vw, 646px\" \/><\/a><\/p>\n<h5 style=\"text-align: center;\"><a href=\"https:\/\/bs-bibelkolleg.de\"><strong><span style=\"color: #993366;\">https:\/\/bs-bibelkolleg.de<\/span><\/strong><\/a><\/h5>\n<div id=\"page\" class=\"site grid-container container hfeed\">\n<div id=\"content\" class=\"site-content\">\n<div id=\"primary\" class=\"content-area\">\n<article id=\"post-258\" class=\"post-258 page type-page status-publish has-post-thumbnail\">\n<div class=\"inside-article\">\n<header class=\"entry-header\" aria-label=\"Inhalt\">\n<h5 class=\"entry-title\" style=\"text-align: left;\">Infos &amp; Anmeldung<\/h5>\n<\/header>\n<div class=\"entry-content\">\n<p style=\"text-align: left;\">Das Braunschweiger Bibelkolleg ist eine <strong>berufsbegleitende Gemeinde-Bibelschule<\/strong>. Es ist ein Arbeitszweig der Braunschweiger Friedenskirche. Am Braunschweiger Bibelkolleg kann jedoch jede und jeder teilnehmen \u2013 man muss nicht Mitglied der Gemeinde sein. Zur Zielgruppe geh\u00f6ren alle, die gerne etwas \u201etiefer buddeln\u201c wollen. Dadurch soll der pers\u00f6nliche Glaube gest\u00e4rkt werden.<\/p>\n<p style=\"text-align: left;\">Das Braunschweiger Bibelkolleg ist <strong>modular<\/strong> aufgebaut. Die Module k\u00f6nnen einzeln oder auch komplett gebucht werden. Das Curriculum enth\u00e4lt feste Seminare, bietet aber auch die Flexibilit\u00e4t, auf aktuelle Themen einzugehen. Die Seminare gliedern sich in vier Bereiche: Einf\u00fchrungskurse, Vertiefungskurse, J\u00fcngerschaftsthemen und Kurse \u00fcber biblische B\u00fccher. Pro Bibelschuljahr (September bis Juli) werden 7-8 Seminare angeboten. Die Dozierenden kommen zun\u00e4chst aus dem Umfeld der Braunschweiger Friedenskirche. Hauptansprechpartner ist Dr. Tillmann Kr\u00fcger, der selbst Teil des Pastorenteams der Gemeinde ist.<\/p>\n<p style=\"text-align: left;\">F\u00fcr den laufenden Betrieb des Braunschweiger Bibelkollegs fallen Kosten an, z.B. f\u00fcr Webseite und Werbung, Honorare f\u00fcr Dozierende, evtl. Fahrt- und \u00dcbernachtungskosten sowie f\u00fcr Unterlagen, Snacks und Getr\u00e4nke und die Raumkosten. Wir m\u00f6chten aber allen die Teilnahme an unseren Seminaren erm\u00f6glichen und erheben deshalb keinen Teilnahmebeitrag, sondern bitten um freiwillige Spenden. Die H\u00f6he der Spende bleibt jedem \u00fcberlassen. Wir freuen uns \u00fcber alle Spenden, die f\u00fcr das Bibelkolleg eingehen!<\/p>\n<p style=\"text-align: left;\">Wer spenden m\u00f6chte, wird gebeten, die Spende mit dem Vermerk \u201eBibelkolleg\u201c auf das Konto der Friedenskirche zu \u00fcberweisen:<\/p>\n<p style=\"text-align: left;\"><strong>Braunschweiger Friedenskirche<\/strong><br \/>\nDE47 5009 2100 0000 0039 05<\/p>\n<p style=\"text-align: left;\">Wir bitten in jedem Fall um eine Anmeldung, damit wir z.B. die Zahl der Skripte und auch die Menge von Snacks und Getr\u00e4nken vorbereiten k\u00f6nnen. \u00dcber den Reiter \u201eSeminare\u201c kann man sich zu dem jeweiligen Seminar direkt anmelden<\/p>\n<\/div>\n<\/div>\n<\/article>\n<\/div>\n<\/div>\n<\/div>\n","protected":false},"excerpt":{"rendered":"<p>Das Braunschweiger Bibelkolleg ist eine berufsbegleitende Gemeinde-Bibelschule. Es ist ein Arbeitszweig der Braunschweiger Friedenskirche. Durch dieses Angebot sollen Interessierte die Weite und Tiefe des Wortes Gottes besser verstehen und f\u00fcr ihren Alltag fruchtbar machen. Zur Zielgruppe geh\u00f6ren alle, die gerne etwas \u201etiefer buddeln\u201c wollen. Dadurch soll die Sprachf\u00e4higkeit des einzelnen und der pers\u00f6nliche Glaube gest\u00e4rkt [&hellip;]<\/p>\n","protected":false},"author":2,"featured_media":0,"parent":3469,"menu_order":3,"comment_status":"closed","ping_status":"closed","template":"","meta":{"ngg_post_thumbnail":0},"_links":{"self":[{"href":"https:\/\/ev-allianz-braunschweig.de\/index.php?rest_route=\/wp\/v2\/pages\/4885"}],"collection":[{"href":"https:\/\/ev-allianz-braunschweig.de\/index.php?rest_route=\/wp\/v2\/pages"}],"about":[{"href":"https:\/\/ev-allianz-braunschweig.de\/index.php?rest_route=\/wp\/v2\/types\/page"}],"author":[{"embeddable":true,"href":"https:\/\/ev-allianz-braunschweig.de\/index.php?rest_route=\/wp\/v2\/users\/2"}],"replies":[{"embeddable":true,"href":"https:\/\/ev-allianz-braunschweig.de\/index.php?rest_route=%2Fwp%2Fv2%2Fcomments&post=4885"}],"version-history":[{"count":13,"href":"https:\/\/ev-allianz-braunschweig.de\/index.php?rest_route=\/wp\/v2\/pages\/4885\/revisions"}],"predecessor-version":[{"id":4906,"href":"https:\/\/ev-allianz-braunschweig.de\/index.php?rest_route=\/wp\/v2\/pages\/4885\/revisions\/4906"}],"up":[{"embeddable":true,"href":"https:\/\/ev-allianz-braunschweig.de\/index.php?rest_route=\/wp\/v2\/pages\/3469"}],"wp:attachment":[{"href":"https:\/\/ev-allianz-braunschweig.de\/index.php?rest_route=%2Fwp%2Fv2%2Fmedia&parent=4885"}],"curies":[{"name":"wp","href":"https:\/\/api.w.org\/{rel}","templated":true}]}}