{"id":3490,"date":"2021-01-29T13:41:11","date_gmt":"2021-01-29T12:41:11","guid":{"rendered":"https:\/\/ev-allianz-braunschweig.de\/?page_id=3490"},"modified":"2023-11-19T17:32:45","modified_gmt":"2023-11-19T16:32:45","slug":"rhema","status":"publish","type":"page","link":"https:\/\/ev-allianz-braunschweig.de\/?page_id=3490","title":{"rendered":"RHEMA"},"content":{"rendered":"\n<p><span style=\"font-size: 14pt;\"><b>Eine berufsbegleitende  Bibelschule f\u00fcr dich!&nbsp;<\/b><\/span><\/p>\n\n\n\n<p><b>Im <span style=\"font-size: 12pt;\">RHEMA Bible Training Center<\/span> sind alle Christen der gesamten Region&nbsp;<\/b><b>und aus allen Kirchen sowie Gemeinden willkommen!&nbsp;<\/b><a href=\"https:\/\/rbtc.org\/about\/international-schools\/\" target=\"_blank\" rel=\"noopener\"><span style=\"color: #d61f26;\"><strong>RHEMA<\/strong><\/span><\/a> <strong>ist eine weltweite christliche Organisation mit \u00fcber 270 Bibelschulen in \u00fcber 50 Nationen. RHEMA hat \u00fcber 20.000 Studenten weltweit und bereits \u00fcber 110.000 Absolventen!<br><\/strong><\/p>\n\n\n\n<p><span style=\"color: #d61f26;\"><b><span style=\"font-size: 14pt;\"><span style=\"color: #27324d;\">Aktuelle Ausbildung\u00a0 03\/2024 &#8211; 07\/2026 =><\/span> <span style=\"color: #d61f26;\"><a style=\"color: #d61f26;\" rel=\"noopener\" href=\"https:\/\/forms.rbtc.de\/formular.php?lang=de\" target=\"_blank\">Bewerbungsformular<\/a><\/span><\/span><\/b><\/span><\/p>\n\n\n\n<p><b>Gern informieren wir dich \u00fcber die Ausbildung!&nbsp;<br>Melde dich bei uns, falls du Interesse hast,&nbsp;mehr zu erfahren! <br><\/b><strong>Impressionen aus unserem Level 1 Kurs in Braunschweig 2021-2023<\/strong> =&gt; <span style=\"color: #d61f26;\"><a href=\"https:\/\/www.instagram.com\/reel\/Czn9Ed_iwM7\/?utm_source=ig_web_copy_link&amp;igshid=MzRlODBiNWFlZA==\" target=\"_blank\" rel=\"noreferrer noopener\"><strong><span style=\"color: #d61f26;\">Video<\/span><\/strong><\/a><\/span><\/p>\n\n\n\n<figure class=\"wp-block-table\"><table class=\"has-fixed-layout\"><tbody><tr><td><strong>Termine:<\/strong><p>* <strong>Seminar &#8220;Die Kunst zu leiten&#8221; am 13.01.2024 &#8211; <a rel=\"noopener\" href=\"https:\/\/ev-allianz-braunschweig.de\/wp-content\/uploads\/2023\/11\/Einladung_Leiterschaftsseminar.pdf\" target=\"_blank\"><span style=\"color: #d61f26;\">Flyer<\/span><\/a><br><\/strong>\u00a0 im ChristusZentrum Braunschweig<\/p>* <strong>Orientierungstag f\u00fcr den neuen Kurs am 09.03.2024 &#8211;  <a rel=\"noreferrer noopener\" href=\"https:\/\/ev-allianz-braunschweig.de\/wp-content\/uploads\/2023\/11\/Orientierungstag_20240309.jpg\" target=\"_blank\"><span style=\"color: #d61f26;\">Flyer<\/span><\/a><br><\/strong>\u00a0 im ChristusZentrum Braunschweig &#8211; <strong><strong><a rel=\"noopener\" href=\"https:\/\/docs.google.com\/forms\/d\/e\/1FAIpQLSclvPisMgJQrOEhPJ0Ffp2w4TZ-TMJK-9LsH_-omMZIoJd_6Q\/viewform\" target=\"_blank\"><span style=\"color: #d61f26;\">Anmeldung<\/span><\/a><\/strong><\/strong><br><br>* <strong>Aktueller Termin- und F\u00e4cherplan 2024-2026 &#8211;<\/strong> <strong>folgt in K\u00fcrze  <\/strong><br>Voraussichtliche Termine hier zum Download &#8211; <strong><strong><span style=\"color: #d61f26;\"><a rel=\"noreferrer noopener\" href=\"https:\/\/ev-allianz-braunschweig.de\/wp-content\/uploads\/2023\/11\/RBTC-BS_Level1_Termine_2024-2026.pdf\" target=\"_blank\">Level 1<\/a><\/span><\/strong><\/strong><br><br><p><strong>Hier zwei Seminare aus 2021 zum Reinh\u00f6ren:<br><\/strong>* Lehrseminar am 14.08.2021\u00a0 &#8211; <strong><a rel=\"noopener\" href=\"https:\/\/rhema-europe.s3.us-east-2.amazonaws.com\/rbtc\/audio-files\/GlaubeUndLiebeSeminarBS.zip\" target=\"_blank\"><span style=\"color: #d61f26;\">MP3<\/span><\/a><br><\/strong>\u00a0 \u00a0GLAUBE und LIEBE \u2013 Das Erfolgsrezept f\u00fcr dein Leben!<br>* Leiterschaftsseminar 17.04.2021 &#8211;\u00a0<span style=\"color: #d61f26;\"><a style=\"color: #d61f26;\" rel=\"noopener\" href=\"https:\/\/www.youtube.com\/playlist?list=PL_vD1xqGwT4RXufDMiWaZ3jMDacjefxLI\" target=\"_blank\"><strong><span style=\"color: #d61f26;\">Video<\/span><\/strong><\/a><\/span><\/p> <\/td><\/tr><\/tbody><\/table><\/figure>\n\n\n\n<figure class=\"wp-block-table\"><table><tbody><tr><td><strong>Campus Koordinatorin<\/strong><br>Barbara Senger<br><strong><span style=\"color: #d61f26;\"><a style=\"color: #d61f26;\" href=\"mailto:ccbraunschweig@rbtc.de\" target=\"_blank\" rel=\"noopener\">ccbraunschweig@rbtc.de<\/a><\/span><\/strong><br>0151 5502 3943<br><strong>Standort der Bibelschule:<br><\/strong>CVJM Hotel am Wollmarkt<br>Wollmarkt 9-12, 38100 Braunschweig<\/td><td><strong>Weitere Infos<\/strong><br><a href=\"https:\/\/rbtc.de\/rbtc-braunschweig-2\" target=\"_blank\" rel=\"noopener\"><span style=\"color: #d61f26;\"><strong>Standort Braunschweig<\/strong><\/span><\/a><br><span style=\"color: #d61f26;\"><strong><a style=\"color: #d61f26;\" href=\"https:\/\/www.rbtc.de\/\" target=\"_blank\" rel=\"noopener\">www.rbtc.de<\/a><\/strong><\/span><br><span style=\"color: #d61f26;\"><span style=\"color: #d61f26;\"><span style=\"color: #d61f26;\"><span style=\"color: #d61f26;\"><a style=\"color: #d61f26;\" href=\"https:\/\/rhema.eu\/\" target=\"_blank\" rel=\"noopener\"><strong><span style=\"color: #d61f26;\">www.rhema.eu<\/span><\/strong><\/a><br><strong><span style=\"color: #d61f26;\"><a style=\"color: #d61f26;\" href=\"https:\/\/www.facebook.com\/rhemagermany\" target=\"_blank\" rel=\"noopener\">Facebook<\/a><br><\/span><\/strong><\/span><\/span><\/span><\/span><span style=\"color: #d61f26;\"><span style=\"color: #d61f26;\"><span style=\"color: #d61f26;\"><span style=\"color: #d61f26;\"><span style=\"color: #d61f26;\"><strong><a href=\"https:\/\/www.instagram.com\/rhema_germany\/\" target=\"_blank\" rel=\"noopener\"><span style=\"color: #d61f26;\">Instagram<\/span><\/a><\/strong><\/span><\/span><\/span><\/span><\/span><\/td><\/tr><\/tbody><\/table><\/figure>\n\n\n\n<figure class=\"wp-block-table\"><table><tbody><tr><td>Du bist interessiert, Student am RBTC Braunschweig zu werden? <br>Dann melde dich hier an: <a href=\"https:\/\/forms.rbtc.de\/formular.php?lang=de\" target=\"_blank\" rel=\"noopener\"><span style=\"color: #d61f26;\"><strong>Bewerbungsformular<\/strong>.<\/span><\/a> <\/td><\/tr><\/tbody><\/table><\/figure>\n\n\n<div class=\"wp-block-image\">\n<figure class=\"alignleft\"><img decoding=\"async\" loading=\"lazy\" width=\"1175\" height=\"451\" src=\"https:\/\/ev-allianz-braunschweig.de\/wp-content\/uploads\/2021\/02\/RHEMA_Foto2.jpg\" alt=\"\" class=\"wp-image-3562\" srcset=\"https:\/\/ev-allianz-braunschweig.de\/wp-content\/uploads\/2021\/02\/RHEMA_Foto2.jpg 1175w, https:\/\/ev-allianz-braunschweig.de\/wp-content\/uploads\/2021\/02\/RHEMA_Foto2-300x115.jpg 300w, https:\/\/ev-allianz-braunschweig.de\/wp-content\/uploads\/2021\/02\/RHEMA_Foto2-768x295.jpg 768w, https:\/\/ev-allianz-braunschweig.de\/wp-content\/uploads\/2021\/02\/RHEMA_Foto2-1024x393.jpg 1024w\" sizes=\"(max-width: 1175px) 100vw, 1175px\" \/><\/figure><\/div>\n\n\n<p>Du wirst im Wort Gottes ausgebildet. So bekommst du eine solide Grundlage f\u00fcr dich selbst, kannst deine Gemeinde unterst\u00fctzen oder auch in den vollzeitlichen Dienst einsteigen.<\/p>\n\n\n\n<p><b><span style=\"font-size: 14pt;\">Ausbildung<\/span><br>&#8211;&nbsp;<\/b>RHEMA bietet dir eine zweistufige Ausbildung.<br><b>&#8211; <\/b>Das <a href=\"https:\/\/rbtc.de\/level-1-basic-training\" target=\"_blank\" rel=\"noopener\"><span style=\"color: #d61f26;\"><strong>Level 1<\/strong><\/span><\/a>&nbsp; basiert auf einem biblischen Lehrplan. Dieser vermittelt dir biblische Prinzipien sowie deren Anwendung.<br><b>&#8211; <\/b>Die Ausbildung umfasst 26 Wochenendkurse.<br><b>&#8211; <\/b>Jeder Kurs setzt sich aus ein oder zwei F\u00e4chern zusammen. Eine Auflistung dieser findest du <a href=\"https:\/\/rbtc.de\/faecheruebersicht\" target=\"_blank\" rel=\"noopener\"><strong><span style=\"color: #d61f26;\">hier<\/span><\/strong><\/a>.<br><b>&#8211; <\/b>Der Unterricht findet einmal im Monat am Freitagabend (17-21 Uhr) und am Samstag (09-18 Uhr) statt.<br><b>&#8211; <\/b>Dein RHEMA Abschluss wird in Deutschland auch von anderen Organisationen und Schulen anerkannt und bietet dir weitere auch internationale Fortbildungsm\u00f6glichkeiten.<\/p>\n\n\n\n<p><b><span style=\"font-size: 14pt;\">Dozenten<\/span><br><\/b>Verschiedene internationale Dozenten bilden dich an den Wochenendkursen in Braunschweig aus.<\/p>\n\n\n\n<p><b><span style=\"font-size: 14pt;\">Standort<\/span><br><\/b>Aktuell sind wir in Abstimmung bez\u00fcglich des Standorts innerhalb von Braunschweig. Dieser wird mit privaten und \u00f6ffentlichen Verkehrsmitteln gut zu erreichen sein.<\/p>\n\n\n\n<p><b><i>Epheser 4:12-13<br><\/i><\/b><b><i>Ihre Aufgabe ist es, die Gl\u00e4ubigen f\u00fcr ihren Dienst vorzubereiten und die Gemeinde &#8211; den Leib Christi \u2013 <\/i><\/b><b><i>zu st\u00e4rken. Auf diese Weise sollen wir alle im Glauben eins werden und den Sohn Gottes immer besser&nbsp;<\/i><\/b><b><i>kennenlernen, sodass unser Glaube zur vollen Reife gelangt und wir ganz von Christus erf\u00fcllt sind.<\/i><\/b><\/p>\n","protected":false},"excerpt":{"rendered":"<p>Eine berufsbegleitende Bibelschule f\u00fcr dich!&nbsp; Im RHEMA Bible Training Center sind alle Christen der gesamten Region&nbsp;und aus allen Kirchen sowie Gemeinden willkommen!&nbsp;RHEMA ist eine weltweite christliche Organisation mit \u00fcber 270 Bibelschulen in \u00fcber 50 Nationen. RHEMA hat \u00fcber 20.000 Studenten weltweit und bereits \u00fcber 110.000 Absolventen! Aktuelle Ausbildung\u00a0 03\/2024 &#8211; 07\/2026 => Bewerbungsformular Gern informieren [&hellip;]<\/p>\n","protected":false},"author":2,"featured_media":3526,"parent":3469,"menu_order":0,"comment_status":"closed","ping_status":"closed","template":"","meta":{"ngg_post_thumbnail":0},"_links":{"self":[{"href":"https:\/\/ev-allianz-braunschweig.de\/index.php?rest_route=\/wp\/v2\/pages\/3490"}],"collection":[{"href":"https:\/\/ev-allianz-braunschweig.de\/index.php?rest_route=\/wp\/v2\/pages"}],"about":[{"href":"https:\/\/ev-allianz-braunschweig.de\/index.php?rest_route=\/wp\/v2\/types\/page"}],"author":[{"embeddable":true,"href":"https:\/\/ev-allianz-braunschweig.de\/index.php?rest_route=\/wp\/v2\/users\/2"}],"replies":[{"embeddable":true,"href":"https:\/\/ev-allianz-braunschweig.de\/index.php?rest_route=%2Fwp%2Fv2%2Fcomments&post=3490"}],"version-history":[{"count":184,"href":"https:\/\/ev-allianz-braunschweig.de\/index.php?rest_route=\/wp\/v2\/pages\/3490\/revisions"}],"predecessor-version":[{"id":5224,"href":"https:\/\/ev-allianz-braunschweig.de\/index.php?rest_route=\/wp\/v2\/pages\/3490\/revisions\/5224"}],"up":[{"embeddable":true,"href":"https:\/\/ev-allianz-braunschweig.de\/index.php?rest_route=\/wp\/v2\/pages\/3469"}],"wp:featuredmedia":[{"embeddable":true,"href":"https:\/\/ev-allianz-braunschweig.de\/index.php?rest_route=\/wp\/v2\/media\/3526"}],"wp:attachment":[{"href":"https:\/\/ev-allianz-braunschweig.de\/index.php?rest_route=%2Fwp%2Fv2%2Fmedia&parent=3490"}],"curies":[{"name":"wp","href":"https:\/\/api.w.org\/{rel}","templated":true}]}}