{"id":33,"date":"2015-07-19T18:56:16","date_gmt":"2015-07-19T18:56:16","guid":{"rendered":"http:\/\/allianz2015.apps-1and1.net\/?page_id=33"},"modified":"2021-12-08T12:34:37","modified_gmt":"2021-12-08T11:34:37","slug":"spenden","status":"publish","type":"page","link":"https:\/\/ev-allianz-braunschweig.de\/?page_id=33","title":{"rendered":"Spenden"},"content":{"rendered":"<p>Wenn Sie die Evangelische Allianz Braunschweig finanziell unterst\u00fctzen m\u00f6chten, dann haben Sie die M\u00f6glichkeit, Ihre Spende auf folgendes Konto zu \u00fcberweisen. Wir bedanken uns schon jetzt.<\/p>\n<p>Empf\u00e4nger: Gemeinsam f\u00fcr Braunschweig e.V.<br \/>\nIBAN: DE87 2505 0000 0201 5264 07<br \/>\nBIC: NOLADE2HXXX<br \/>\nBraunschweigische LSK|NORD-LB<\/p>\n<p>Verwendungszweck: Evangelische Allianz Braunschweig<\/p>\n<p>Eine Spendenquittung kann ausgestellt werden!<\/p>\n<p><a href=\"https:\/\/ev-allianz-braunschweig\/wp-content\/uploads\/2015\/07\/20160626-HJW_9465.jpg\"><img decoding=\"async\" loading=\"lazy\" class=\"alignleft wp-image-943 size-large\" src=\"https:\/\/ev-allianz-braunschweig\/wp-content\/uploads\/2015\/07\/20160626-HJW_9465-1024x576.jpg\" alt=\"Festival der Hoffnung\" width=\"610\" height=\"343\" srcset=\"https:\/\/ev-allianz-braunschweig.de\/wp-content\/uploads\/2015\/07\/20160626-HJW_9465-1024x576.jpg 1024w, https:\/\/ev-allianz-braunschweig.de\/wp-content\/uploads\/2015\/07\/20160626-HJW_9465-300x169.jpg 300w, https:\/\/ev-allianz-braunschweig.de\/wp-content\/uploads\/2015\/07\/20160626-HJW_9465-768x432.jpg 768w, https:\/\/ev-allianz-braunschweig.de\/wp-content\/uploads\/2015\/07\/20160626-HJW_9465.jpg 1920w\" sizes=\"(max-width: 610px) 100vw, 610px\" \/><\/a><\/p>\n","protected":false},"excerpt":{"rendered":"<p>Wenn Sie die Evangelische Allianz Braunschweig finanziell unterst\u00fctzen m\u00f6chten, dann haben Sie die M\u00f6glichkeit, Ihre Spende auf folgendes Konto zu \u00fcberweisen. Wir bedanken uns schon jetzt. Empf\u00e4nger: Gemeinsam f\u00fcr Braunschweig e.V. IBAN: DE87 2505 0000 0201 5264 07 BIC: NOLADE2HXXX Braunschweigische LSK|NORD-LB Verwendungszweck: Evangelische Allianz Braunschweig Eine Spendenquittung kann ausgestellt werden!<\/p>\n","protected":false},"author":1,"featured_media":0,"parent":14,"menu_order":1,"comment_status":"closed","ping_status":"open","template":"","meta":{"ngg_post_thumbnail":0},"_links":{"self":[{"href":"https:\/\/ev-allianz-braunschweig.de\/index.php?rest_route=\/wp\/v2\/pages\/33"}],"collection":[{"href":"https:\/\/ev-allianz-braunschweig.de\/index.php?rest_route=\/wp\/v2\/pages"}],"about":[{"href":"https:\/\/ev-allianz-braunschweig.de\/index.php?rest_route=\/wp\/v2\/types\/page"}],"author":[{"embeddable":true,"href":"https:\/\/ev-allianz-braunschweig.de\/index.php?rest_route=\/wp\/v2\/users\/1"}],"replies":[{"embeddable":true,"href":"https:\/\/ev-allianz-braunschweig.de\/index.php?rest_route=%2Fwp%2Fv2%2Fcomments&post=33"}],"version-history":[{"count":10,"href":"https:\/\/ev-allianz-braunschweig.de\/index.php?rest_route=\/wp\/v2\/pages\/33\/revisions"}],"predecessor-version":[{"id":4102,"href":"https:\/\/ev-allianz-braunschweig.de\/index.php?rest_route=\/wp\/v2\/pages\/33\/revisions\/4102"}],"up":[{"embeddable":true,"href":"https:\/\/ev-allianz-braunschweig.de\/index.php?rest_route=\/wp\/v2\/pages\/14"}],"wp:attachment":[{"href":"https:\/\/ev-allianz-braunschweig.de\/index.php?rest_route=%2Fwp%2Fv2%2Fmedia&parent=33"}],"curies":[{"name":"wp","href":"https:\/\/api.w.org\/{rel}","templated":true}]}}