{"id":218,"date":"2015-12-29T15:08:13","date_gmt":"2015-12-29T14:08:13","guid":{"rendered":"http:\/\/allianz2015.apps-1and1.net\/?page_id=218"},"modified":"2025-12-30T13:56:15","modified_gmt":"2025-12-30T12:56:15","slug":"gebetshaus-braunschweig","status":"publish","type":"page","link":"https:\/\/ev-allianz-braunschweig.de\/?page_id=218","title":{"rendered":"Gebetshaus Braunschweig"},"content":{"rendered":"<p><strong><a href=\"https:\/\/ev-allianz-braunschweig.de\/wp-content\/uploads\/2023\/05\/Gebetshaus_Gold.jpg\"><img decoding=\"async\" loading=\"lazy\" class=\"wp-image-4844 size-medium aligncenter\" src=\"https:\/\/ev-allianz-braunschweig.de\/wp-content\/uploads\/2023\/05\/Gebetshaus_Gold-300x238.jpg\" alt=\"\" width=\"300\" height=\"238\" srcset=\"https:\/\/ev-allianz-braunschweig.de\/wp-content\/uploads\/2023\/05\/Gebetshaus_Gold-300x238.jpg 300w, https:\/\/ev-allianz-braunschweig.de\/wp-content\/uploads\/2023\/05\/Gebetshaus_Gold-768x609.jpg 768w, https:\/\/ev-allianz-braunschweig.de\/wp-content\/uploads\/2023\/05\/Gebetshaus_Gold-1024x813.jpg 1024w\" sizes=\"(max-width: 300px) 100vw, 300px\" \/><\/a><\/strong><\/p>\n<p style=\"text-align: center;\"><strong>Standort:<\/strong><br \/>\n<strong>Am Alten Bahnhof 15<\/strong><br \/>\n<strong>38122 Braunschweig<\/strong><\/p>\n<p style=\"text-align: center;\"><strong><br \/>\nAktueller Gebetsplan<span style=\"color: #000000;\">:<\/span><\/strong> <span style=\"color: #993366;\"><a href=\"http:\/\/gebetshaus-bs.de\/\"><strong><span style=\"color: #993366;\">www.gebetshaus-bs.de<\/span><\/strong><\/a><\/span><\/p>\n<p><strong>-&gt; Das Gebetshaus Braunschweig<\/strong><br \/>\nist ein lokales und \u00fcberkonfessionelles Gebetshaus mit dem Fokus auf die Stadt Braunschweig. Das Ziel ist die Zunahme von &#8216;Gerechtigkeit, Frieden und Freude&#8217; in der Stadt und Region zu Gottes Ehre (R\u00f6m. 14, 17 + 18). Wir beten darum, dass viele Menschen zur Erkenntnis der Wahrheit kommen.<\/p>\n<p><strong>-&gt; Gebet im Gebetshaus<\/strong><br \/>\ndas bedeutet: Intimit\u00e4t mit Gott und innere Ver\u00e4nderung, &#8211; Anbetung und Lobpreis &#8211; H\u00f6ren auf Gott &#8211; Proklamation von Gottesworten &#8211; apostolische Gebete \u2013 F\u00fcrbitte &#8211; prophetische Eindr\u00fccke und \u2013 Bilder, Kreativit\u00e4t (Malerei, Tanz, geistgewirkte Lieder,\u2026) &#8211; Gebetseins\u00e4tze und \u2013 Aktionen.<\/p>\n<p><strong>-&gt; Strategie<\/strong><br \/>\nWir w\u00fcnschen uns eine wachsende Anzahl von Gebetszeiten mit einzelnen Betern\/ Anbetern, sowie mit Gebetsgruppen, die rund um die Uhr im Gebetshaus zusammenkommen und durch ihr Gebet, ihre Anbetung und ihr Leben eine Ver\u00e4nderung in der Region bewirken!<\/p>\n<p><strong>-&gt; Wer?<\/strong><br \/>\nWer an Jesus als seinen Erl\u00f6ser und Herrn und an die Dreieinigkeit glaubt, wer eine Liebe f\u00fcr die Stadt und Region Braunschweig hat und ebenso f\u00fcr den Leib Christi (= Gesamtheit aller an Christus Gl\u00e4ubigen) &#8211; wer dar\u00fcber hinaus glaubt, dass Gott mehr zu bieten hat als das, was wir derzeit sehen &#8211; im Sinne von &#8216;Dein Reich komme!&#8217; (Matth. 6,9 \u2013 13): Der ist als Beter(in) herzlich willkommen!!!<\/p>\n<p><strong>-&gt; Verantwortlich:<br \/>\n<\/strong>Verein Gebetshaus Braunschweig e.V.<br \/>\nMichael Stein (1.Vorsitzender)<br \/>\n<strong><br \/>\n-&gt; Kontakt:<a href=\"mailto:info@gebetshaus-bs.de\"><span style=\"color: #000000;\"><span style=\"font-family: Calibri,sans-serif;\"><span style=\"font-size: large;\"> info@gebetshaus-bs.de<\/span><\/span><\/span><\/a><\/strong><\/p>\n<p><span style=\"color: #000000;\"><span style=\"font-family: Calibri,sans-serif;\"><span style=\"font-size: large;\">&nbsp;<\/span><\/span><\/span><\/p>\n<p><span style=\"font-size: medium;\"><b>________________________________________________________<\/b><\/span><\/p>\n","protected":false},"excerpt":{"rendered":"<p>Standort: Am Alten Bahnhof 15 38122 Braunschweig Aktueller Gebetsplan: www.gebetshaus-bs.de -&gt; Das Gebetshaus Braunschweig ist ein lokales und \u00fcberkonfessionelles Gebetshaus mit dem Fokus auf die Stadt Braunschweig. Das Ziel ist die Zunahme von &#8216;Gerechtigkeit, Frieden und Freude&#8217; in der Stadt und Region zu Gottes Ehre (R\u00f6m. 14, 17 + 18). Wir beten darum, dass viele [&hellip;]<\/p>\n","protected":false},"author":2,"featured_media":0,"parent":215,"menu_order":0,"comment_status":"closed","ping_status":"closed","template":"","meta":{"ngg_post_thumbnail":0},"_links":{"self":[{"href":"https:\/\/ev-allianz-braunschweig.de\/index.php?rest_route=\/wp\/v2\/pages\/218"}],"collection":[{"href":"https:\/\/ev-allianz-braunschweig.de\/index.php?rest_route=\/wp\/v2\/pages"}],"about":[{"href":"https:\/\/ev-allianz-braunschweig.de\/index.php?rest_route=\/wp\/v2\/types\/page"}],"author":[{"embeddable":true,"href":"https:\/\/ev-allianz-braunschweig.de\/index.php?rest_route=\/wp\/v2\/users\/2"}],"replies":[{"embeddable":true,"href":"https:\/\/ev-allianz-braunschweig.de\/index.php?rest_route=%2Fwp%2Fv2%2Fcomments&post=218"}],"version-history":[{"count":55,"href":"https:\/\/ev-allianz-braunschweig.de\/index.php?rest_route=\/wp\/v2\/pages\/218\/revisions"}],"predecessor-version":[{"id":6074,"href":"https:\/\/ev-allianz-braunschweig.de\/index.php?rest_route=\/wp\/v2\/pages\/218\/revisions\/6074"}],"up":[{"embeddable":true,"href":"https:\/\/ev-allianz-braunschweig.de\/index.php?rest_route=\/wp\/v2\/pages\/215"}],"wp:attachment":[{"href":"https:\/\/ev-allianz-braunschweig.de\/index.php?rest_route=%2Fwp%2Fv2%2Fmedia&parent=218"}],"curies":[{"name":"wp","href":"https:\/\/api.w.org\/{rel}","templated":true}]}}